{"id":101,"date":"2022-03-01T12:41:43","date_gmt":"2022-03-01T11:41:43","guid":{"rendered":"https:\/\/www.barazzi.com\/blog\/?page_id=101"},"modified":"2022-04-27T16:58:46","modified_gmt":"2022-04-27T14:58:46","slug":"accueil","status":"publish","type":"page","link":"https:\/\/www.barazzi.com\/blog\/","title":{"rendered":"Inspirations Barazzi"},"content":{"rendered":"<h2>Conseils et inspirations d\u00e9coration professionnelle<\/h2>\n<p>Nous avons rassembl\u00e9 dans cet espace de conseil sous forme de \u00ab\u00a0Blog\u00a0\u00bb tout un ensemble de contenus qui pourront vous aider dans votre choix de produits. Vous \u00eates un professionnel de la Restauration, de l&rsquo;H\u00f4tellerie, de l&rsquo;Ev\u00e9nementiel, un g\u00e9rant d&rsquo;\u00e9tablissement, un Architecte ou bien un passionn\u00e9 de d\u00e9coration ? Naviguez dans nos diff\u00e9rentes rubriques pour d\u00e9couvrir nos recommandations de produits, nos coups de coeur, les derni\u00e8res innovations&#8230; Si vous h\u00e9sitez entre certains mod\u00e8les de produits, laissez-vous guider par nos comparateurs, nos guides, nos conseils dans nos billets de Blog.\u00a0 Vous avez des remarques, des questions ? Laissez-nous un commentaire ou prenez contact avec notre service client, qui se fera un plaisir de vous aider !<\/p>\n<h2>Blog d\u00e9co Restaurant<\/h2>\n<p>Vous avez d\u00e9cid\u00e9 d&rsquo;ouvrir un restaurant et vous voulez que celui-ci soit \u00e0 la hauteur de vos ambitions ? Vous souhaitez que votre \u00e9tablissement soit \u00e9l\u00e9gant et accueillant, que vos clients se sentent bien d\u00e8s qu&rsquo;ils y p\u00e9n\u00e8trent ? Alors il va falloir penser \u00e0 la d\u00e9coration !\u00a0<\/p>\n<p>Car oui, la d\u00e9coration d&rsquo;un restaurant est tout aussi importante que la qualit\u00e9 de la cuisine. En effet, c&rsquo;est elle qui donnera la premi\u00e8re impression \u00e0 vos clients et il est important de soigner cette premi\u00e8re impression. Voici donc quelques conseils en d\u00e9coration de restaurant pour vous aider \u00e0 cr\u00e9er l&rsquo;ambiance parfaite dans votre \u00e9tablissement. Tout d&rsquo;abord, pensez \u00e0 l&rsquo;agencement des tables et des chaises. Vous voulez que vos clients se sentent \u00e0 l&rsquo;aise et qu&rsquo;ils puissent se d\u00e9placer facilement dans votre restaurant. Privil\u00e9giez donc des tables et des chaises spacieuses et bien dispos\u00e9es dans la salle. Ensuite, choisissez une belle couleur pour les murs. Une couleur qui rappelle celle de la bonne nourriture, comme le orange ou le rouge, sera parfaite. Mais attention, ne choisissez pas une couleur trop vive ou trop agressive, car vous ne voulez pas que vos clients aient l&rsquo;impression d&rsquo;\u00eatre assaillis par la couleur. Pensez \u00e9galement \u00e0 la lumi\u00e8re. Vous voulez que vos clients se sentent bien dans votre restaurant, alors il faut que la lumi\u00e8re soit douce et agr\u00e9able. Privil\u00e9giez les luminaires tamis\u00e9s, comme des suspensions ou des bougies. Enfin, n&rsquo;oubliez pas les plantes ! Les plantes apportent de la vie \u00e0 un restaurant et permettent de cr\u00e9er une atmosph\u00e8re chaleureuse et accueillante. Optez pour des plantes vertes, qui rappelleront la nature et la fra\u00eecheur, et disposez-les judicieusement dans la salle.<\/p>\n<p>Pour plus de conseils d\u00e9co, rendez-vous sur nos diff\u00e9rents articles de blog !<\/p>\n<h2>Blog mobilier design haut de gamme<\/h2>\n<p>Lorsque l&rsquo;on pense \u00e0 la d\u00e9coration d&rsquo;un restaurant, il est important de ne pas n\u00e9gliger le mobilier. En effet, c&rsquo;est l&rsquo;un des \u00e9l\u00e9ments qui peut vraiment faire la diff\u00e9rence et donner une ambiance particuli\u00e8re \u00e0 votre \u00e9tablissement. Pour vous aider \u00e0 choisir le mobilier design haut de gamme qui conviendra le mieux \u00e0 votre restaurant, nous avons rassembl\u00e9 pour vous nos meilleurs conseils en choix de mobilier.&nbsp;<\/p>\n<p>Tout d&rsquo;abord, il est important de choisir des meubles confortables et robustes, car vos clients passent beaucoup de temps assis dans votre restaurant. Vous devez donc privil\u00e9gier les mat\u00e9riaux de qualit\u00e9 et les finitions soign\u00e9es. Ensuite, il est important de bien penser l&rsquo;agencement de votre restaurant afin que vos clients se sentent \u00e0 l&rsquo;aise et puissent se d\u00e9placer facilement dans l&rsquo;espace. Enfin, n&rsquo;oubliez pas que le choix du mobilier design haut de gamme doit s&rsquo;accorder \u00e0 l&rsquo;ambiance g\u00e9n\u00e9rale de votre restaurant. Vous devez donc choisir des meubles qui s&rsquo;int\u00e8grent parfaitement \u00e0 l&rsquo;architecture et \u00e0 la d\u00e9coration de votre \u00e9tablissement.<\/p>\n<p>Il n&rsquo;est pas \u00e9vident de s&rsquo;y retrouver avec la multitude de produits, marques et styles de mobilier disponibles. Il en existe pour tous les go\u00fbts et \u00e0 tous les prix ! Toutefois, il faut s&rsquo;int\u00e9resser de pr\u00e8s aux diff\u00e9rents produits, \u00e0 leurs caract\u00e9ristiques, leurs mat\u00e9riaux, leurs sp\u00e9cificit\u00e9s, pour correspondre au mieux \u00e0 vos attentes. Pour se renseigner dans le cadre de votre achat de meubles design, quoi de mieux qu&rsquo;un blog r\u00e9alis\u00e9 pour les professionnels de la restauration et de&nbsp; l&rsquo;h\u00f4tellerie ? Retrouvez ici nos conseils en Mobilier haut de gamme pour int\u00e9rieur et ext\u00e9rieur, nos conseils en ameublement de jardin ou terrasse, en meubles design de tous styles&#8230; Consultez nos diff\u00e9rents articles sur le mobilier haut de gamme professionnel !<\/p>\n","protected":false},"excerpt":{"rendered":"<p>Conseils et inspirations d\u00e9coration professionnelle Nous avons rassembl\u00e9 dans cet espace de conseil sous forme de \u00ab\u00a0Blog\u00a0\u00bb tout un ensemble de contenus qui pourront vous aider dans votre choix de produits. Vous \u00eates un professionnel de la Restauration, de l&rsquo;H\u00f4tellerie, de l&rsquo;Ev\u00e9nementiel, un g\u00e9rant d&rsquo;\u00e9tablissement, un Architecte ou bien un passionn\u00e9 de d\u00e9coration ? Naviguez [&hellip;]<\/p>\n","protected":false},"author":1,"featured_media":0,"parent":0,"menu_order":0,"comment_status":"closed","ping_status":"closed","template":"elementor_header_footer","meta":{"footnotes":""},"class_list":["post-101","page","type-page","status-publish","hentry"],"yoast_head":"<!-- This site is optimized with the Yoast SEO plugin v22.3 - https:\/\/yoast.com\/wordpress\/plugins\/seo\/ -->\n<title>Inspiration | Les tendances mobilier professionnel design | Barazzi<\/title>\n<meta name=\"description\" content=\"Conseils mobilier design d\u00e9di\u00e9s aux professionnels de la restauration et de l&#039;h\u00f4tellerie. Meubles int\u00e9rieur, terrasse, \u00e9quipements &amp; luminaires.\" \/>\n<meta name=\"robots\" content=\"index, follow, max-snippet:-1, max-image-preview:large, max-video-preview:-1\" \/>\n<link rel=\"canonical\" href=\"https:\/\/www.barazzi.com\/blog\/\" \/>\n<meta property=\"og:locale\" content=\"fr_FR\" \/>\n<meta property=\"og:type\" content=\"article\" \/>\n<meta property=\"og:title\" content=\"Inspiration | Les tendances mobilier professionnel design | Barazzi\" \/>\n<meta property=\"og:description\" content=\"Conseils mobilier design d\u00e9di\u00e9s aux professionnels de la restauration et de l&#039;h\u00f4tellerie. Meubles int\u00e9rieur, terrasse, \u00e9quipements &amp; luminaires.\" \/>\n<meta property=\"og:url\" content=\"https:\/\/www.barazzi.com\/blog\/\" \/>\n<meta property=\"og:site_name\" content=\"Barazzi\" \/>\n<meta property=\"article:modified_time\" content=\"2022-04-27T14:58:46+00:00\" \/>\n<meta name=\"twitter:card\" content=\"summary_large_image\" \/>\n<meta name=\"twitter:label1\" content=\"Dur\u00e9e de lecture estim\u00e9e\" \/>\n\t<meta name=\"twitter:data1\" content=\"13 minutes\" \/>\n<script type=\"application\/ld+json\" class=\"yoast-schema-graph\">{\"@context\":\"https:\/\/schema.org\",\"@graph\":[{\"@type\":\"WebPage\",\"@id\":\"https:\/\/www.barazzi.com\/blog\/\",\"url\":\"https:\/\/www.barazzi.com\/blog\/\",\"name\":\"Inspiration | Les tendances mobilier professionnel design | Barazzi\",\"isPartOf\":{\"@id\":\"https:\/\/www.barazzi.com\/blog\/#website\"},\"datePublished\":\"2022-03-01T11:41:43+00:00\",\"dateModified\":\"2022-04-27T14:58:46+00:00\",\"description\":\"Conseils mobilier design d\u00e9di\u00e9s aux professionnels de la restauration et de l'h\u00f4tellerie. Meubles int\u00e9rieur, terrasse, \u00e9quipements & luminaires.\",\"breadcrumb\":{\"@id\":\"https:\/\/www.barazzi.com\/blog\/#breadcrumb\"},\"inLanguage\":\"fr-FR\",\"potentialAction\":[{\"@type\":\"ReadAction\",\"target\":[\"https:\/\/www.barazzi.com\/blog\/\"]}]},{\"@type\":\"BreadcrumbList\",\"@id\":\"https:\/\/www.barazzi.com\/blog\/#breadcrumb\",\"itemListElement\":[{\"@type\":\"ListItem\",\"position\":1,\"name\":\"Accueil\",\"item\":\"https:\/\/www.barazzi.com\/blog\/\"},{\"@type\":\"ListItem\",\"position\":2,\"name\":\"Inspirations Barazzi\"}]},{\"@type\":\"WebSite\",\"@id\":\"https:\/\/www.barazzi.com\/blog\/#website\",\"url\":\"https:\/\/www.barazzi.com\/blog\/\",\"name\":\"Barazzi\",\"description\":\"Inspirations mobilier design pour particuliers et professionnels\",\"potentialAction\":[{\"@type\":\"SearchAction\",\"target\":{\"@type\":\"EntryPoint\",\"urlTemplate\":\"https:\/\/www.barazzi.com\/blog\/?s={search_term_string}\"},\"query-input\":\"required name=search_term_string\"}],\"inLanguage\":\"fr-FR\"}]}<\/script>\n<!-- \/ Yoast SEO plugin. -->","yoast_head_json":{"title":"Inspiration | Les tendances mobilier professionnel design | Barazzi","description":"Conseils mobilier design d\u00e9di\u00e9s aux professionnels de la restauration et de l'h\u00f4tellerie. Meubles int\u00e9rieur, terrasse, \u00e9quipements & luminaires.","robots":{"index":"index","follow":"follow","max-snippet":"max-snippet:-1","max-image-preview":"max-image-preview:large","max-video-preview":"max-video-preview:-1"},"canonical":"https:\/\/www.barazzi.com\/blog\/","og_locale":"fr_FR","og_type":"article","og_title":"Inspiration | Les tendances mobilier professionnel design | Barazzi","og_description":"Conseils mobilier design d\u00e9di\u00e9s aux professionnels de la restauration et de l'h\u00f4tellerie. Meubles int\u00e9rieur, terrasse, \u00e9quipements & luminaires.","og_url":"https:\/\/www.barazzi.com\/blog\/","og_site_name":"Barazzi","article_modified_time":"2022-04-27T14:58:46+00:00","twitter_card":"summary_large_image","twitter_misc":{"Dur\u00e9e de lecture estim\u00e9e":"13 minutes"},"schema":{"@context":"https:\/\/schema.org","@graph":[{"@type":"WebPage","@id":"https:\/\/www.barazzi.com\/blog\/","url":"https:\/\/www.barazzi.com\/blog\/","name":"Inspiration | Les tendances mobilier professionnel design | Barazzi","isPartOf":{"@id":"https:\/\/www.barazzi.com\/blog\/#website"},"datePublished":"2022-03-01T11:41:43+00:00","dateModified":"2022-04-27T14:58:46+00:00","description":"Conseils mobilier design d\u00e9di\u00e9s aux professionnels de la restauration et de l'h\u00f4tellerie. Meubles int\u00e9rieur, terrasse, \u00e9quipements & luminaires.","breadcrumb":{"@id":"https:\/\/www.barazzi.com\/blog\/#breadcrumb"},"inLanguage":"fr-FR","potentialAction":[{"@type":"ReadAction","target":["https:\/\/www.barazzi.com\/blog\/"]}]},{"@type":"BreadcrumbList","@id":"https:\/\/www.barazzi.com\/blog\/#breadcrumb","itemListElement":[{"@type":"ListItem","position":1,"name":"Accueil","item":"https:\/\/www.barazzi.com\/blog\/"},{"@type":"ListItem","position":2,"name":"Inspirations Barazzi"}]},{"@type":"WebSite","@id":"https:\/\/www.barazzi.com\/blog\/#website","url":"https:\/\/www.barazzi.com\/blog\/","name":"Barazzi","description":"Inspirations mobilier design pour particuliers et professionnels","potentialAction":[{"@type":"SearchAction","target":{"@type":"EntryPoint","urlTemplate":"https:\/\/www.barazzi.com\/blog\/?s={search_term_string}"},"query-input":"required name=search_term_string"}],"inLanguage":"fr-FR"}]}},"_links":{"self":[{"href":"https:\/\/www.barazzi.com\/blog\/wp-json\/wp\/v2\/pages\/101","targetHints":{"allow":["GET"]}}],"collection":[{"href":"https:\/\/www.barazzi.com\/blog\/wp-json\/wp\/v2\/pages"}],"about":[{"href":"https:\/\/www.barazzi.com\/blog\/wp-json\/wp\/v2\/types\/page"}],"author":[{"embeddable":true,"href":"https:\/\/www.barazzi.com\/blog\/wp-json\/wp\/v2\/users\/1"}],"replies":[{"embeddable":true,"href":"https:\/\/www.barazzi.com\/blog\/wp-json\/wp\/v2\/comments?post=101"}],"version-history":[{"count":158,"href":"https:\/\/www.barazzi.com\/blog\/wp-json\/wp\/v2\/pages\/101\/revisions"}],"predecessor-version":[{"id":1524,"href":"https:\/\/www.barazzi.com\/blog\/wp-json\/wp\/v2\/pages\/101\/revisions\/1524"}],"wp:attachment":[{"href":"https:\/\/www.barazzi.com\/blog\/wp-json\/wp\/v2\/media?parent=101"}],"curies":[{"name":"wp","href":"https:\/\/api.w.org\/{rel}","templated":true}]}}